{"id":349,"date":"2026-02-20T14:35:34","date_gmt":"2026-02-20T13:35:34","guid":{"rendered":"https:\/\/mbgrafikuje.pl\/?page_id=349"},"modified":"2026-03-17T10:15:13","modified_gmt":"2026-03-17T09:15:13","slug":"hello","status":"publish","type":"page","link":"https:\/\/mbgrafikuje.pl\/","title":{"rendered":"Hello!"},"content":{"rendered":"\n<h2 class=\"wp-block-heading has-theme-palette-2-color has-text-color has-link-color wp-elements-572787dd388b9ed2803fd5d2f8ec32ff\">MA\u0141GORZATA BIEL<\/h2>\n\n\n\n<p class=\"has-theme-palette-4-color has-text-color has-link-color wp-elements-25a145733ae59f7f8e8f4c39d0f29d33\">O MNIE<\/p>\n\n\n\n<div class=\"wp-block-group is-layout-grid wp-container-core-group-is-layout-a048db89 wp-block-group-is-layout-grid\">\n<p class=\"has-theme-palette-2-color has-text-color has-link-color has-medium-font-size wp-elements-ef981fd320239656681426355e8a2cb5 wp-container-content-a37ac576\">Najbli\u017cej mi do projekt\u00f3w, kt\u00f3re maj\u0105 fizyczny fina\u0142 \u2013 do papieru i faktury. Lubi\u0119 proces od pierwszego szkicu przez budowanie identyfikacji wizualnej, a\u017c po dopracowanie plik\u00f3w do druku. Techniczny wymiar przygotowania projektu do produkcji to cz\u0119\u015b\u0107 tw\u00f3rczo\u015bci.<br><br>Lubi\u0119 my\u015ble\u0107 projektowo. Zaczynam od koncepcji, znaczenia, potem buduj\u0119 struktur\u0119 rytm i proporcje. Prawie zawsze pracuj\u0119 na siatkach. <br><br>Zwracam uwag\u0119 na detale. Branding, identyfikacje wizualne, projekty do druku, sk\u0142ad, typografia. Szczeg\u00f3lnie ceni\u0119 projekty, kt\u00f3re mo\u017cna wzi\u0105\u0107 do r\u0119ki \u2013 publikacje i opakowania.<\/p>\n\n\n\n<figure class=\"wp-block-image size-large wp-container-content-a27d0b1b\"><img loading=\"lazy\" decoding=\"async\" width=\"1200\" height=\"1200\" src=\"https:\/\/mbgrafikuje.pl\/wp-content\/uploads\/2026\/02\/Free_Square_Brochure_Mockup_05-copy22-edited.jpg\" alt=\"\" class=\"wp-image-415\" srcset=\"https:\/\/mbgrafikuje.pl\/wp-content\/uploads\/2026\/02\/Free_Square_Brochure_Mockup_05-copy22-edited.jpg 1200w, https:\/\/mbgrafikuje.pl\/wp-content\/uploads\/2026\/02\/Free_Square_Brochure_Mockup_05-copy22-edited-300x300.jpg 300w, https:\/\/mbgrafikuje.pl\/wp-content\/uploads\/2026\/02\/Free_Square_Brochure_Mockup_05-copy22-edited-1024x1024.jpg 1024w, https:\/\/mbgrafikuje.pl\/wp-content\/uploads\/2026\/02\/Free_Square_Brochure_Mockup_05-copy22-edited-150x150.jpg 150w, https:\/\/mbgrafikuje.pl\/wp-content\/uploads\/2026\/02\/Free_Square_Brochure_Mockup_05-copy22-edited-768x768.jpg 768w\" sizes=\"auto, (max-width: 1200px) 100vw, 1200px\" \/><\/figure>\n<\/div>\n\n\n\n<div style=\"height:24px\" aria-hidden=\"true\" class=\"wp-block-spacer\"><\/div>\n\n\n\n<div class=\"wp-block-group is-layout-grid wp-container-core-group-is-layout-a4cfb915 wp-block-group-is-layout-grid\">\n<figure class=\"wp-block-image size-large wp-container-content-c2ffe703\"><img loading=\"lazy\" decoding=\"async\" width=\"1024\" height=\"683\" src=\"https:\/\/mbgrafikuje.pl\/wp-content\/uploads\/2026\/02\/BO4A2781-1024x683.jpg\" alt=\"\" class=\"wp-image-282\" srcset=\"https:\/\/mbgrafikuje.pl\/wp-content\/uploads\/2026\/02\/BO4A2781-1024x683.jpg 1024w, https:\/\/mbgrafikuje.pl\/wp-content\/uploads\/2026\/02\/BO4A2781-300x200.jpg 300w, https:\/\/mbgrafikuje.pl\/wp-content\/uploads\/2026\/02\/BO4A2781-768x512.jpg 768w, https:\/\/mbgrafikuje.pl\/wp-content\/uploads\/2026\/02\/BO4A2781-1536x1024.jpg 1536w, https:\/\/mbgrafikuje.pl\/wp-content\/uploads\/2026\/02\/BO4A2781-2048x1365.jpg 2048w\" sizes=\"auto, (max-width: 1024px) 100vw, 1024px\" \/><\/figure>\n\n\n\n<p class=\"wp-container-content-3544cf31\"><\/p>\n\n\n\n<p><\/p>\n\n\n\n<p class=\"has-theme-palette-2-color has-text-color has-link-color has-medium-font-size wp-elements-ed4f6e62fecdd5c82305515f2008df70 wp-container-content-65dfa4b7\">Fotografia jest dla mnie cz\u0119\u015bci\u0105 \u017cycia. Aparat towarzyszy  mi prawie zawsze w wydarzeniach rodzinnych, wycieczkach i podr\u00f3\u017cach. Obserwuj\u0119 \u015bwiat\u0142o, faktur\u0119, kolor i emocje. <\/p>\n\n\n\n<figure class=\"wp-block-image size-full wp-container-content-ba34841f\"><img loading=\"lazy\" decoding=\"async\" width=\"1205\" height=\"1800\" src=\"https:\/\/mbgrafikuje.pl\/wp-content\/uploads\/2026\/02\/Malgorzata-Biel-skupienie.jpg\" alt=\"\" class=\"wp-image-424\" srcset=\"https:\/\/mbgrafikuje.pl\/wp-content\/uploads\/2026\/02\/Malgorzata-Biel-skupienie.jpg 1205w, https:\/\/mbgrafikuje.pl\/wp-content\/uploads\/2026\/02\/Malgorzata-Biel-skupienie-201x300.jpg 201w, https:\/\/mbgrafikuje.pl\/wp-content\/uploads\/2026\/02\/Malgorzata-Biel-skupienie-686x1024.jpg 686w, https:\/\/mbgrafikuje.pl\/wp-content\/uploads\/2026\/02\/Malgorzata-Biel-skupienie-768x1147.jpg 768w, https:\/\/mbgrafikuje.pl\/wp-content\/uploads\/2026\/02\/Malgorzata-Biel-skupienie-1028x1536.jpg 1028w\" sizes=\"auto, (max-width: 1205px) 100vw, 1205px\" \/><\/figure>\n\n\n\n<p><\/p>\n\n\n\n<figure class=\"wp-block-image size-full wp-container-content-270b32af\"><img loading=\"lazy\" decoding=\"async\" width=\"2560\" height=\"1707\" src=\"https:\/\/mbgrafikuje.pl\/wp-content\/uploads\/2026\/02\/taniec-2-scaled.jpg\" alt=\"\" class=\"wp-image-268\" srcset=\"https:\/\/mbgrafikuje.pl\/wp-content\/uploads\/2026\/02\/taniec-2-scaled.jpg 2560w, https:\/\/mbgrafikuje.pl\/wp-content\/uploads\/2026\/02\/taniec-2-300x200.jpg 300w, https:\/\/mbgrafikuje.pl\/wp-content\/uploads\/2026\/02\/taniec-2-1024x683.jpg 1024w, https:\/\/mbgrafikuje.pl\/wp-content\/uploads\/2026\/02\/taniec-2-768x512.jpg 768w, https:\/\/mbgrafikuje.pl\/wp-content\/uploads\/2026\/02\/taniec-2-1536x1024.jpg 1536w, https:\/\/mbgrafikuje.pl\/wp-content\/uploads\/2026\/02\/taniec-2-2048x1365.jpg 2048w\" sizes=\"auto, (max-width: 2560px) 100vw, 2560px\" \/><\/figure>\n\n\n\n<div style=\"height:100px\" aria-hidden=\"true\" class=\"wp-block-spacer wp-container-content-22a8b0d6\"><\/div>\n<\/div>\n\n\n\n<p><\/p>\n","protected":false},"excerpt":{"rendered":"<p>MA\u0141GORZATA BIEL O MNIE Najbli\u017cej mi do projekt\u00f3w, kt\u00f3re maj\u0105 fizyczny fina\u0142 \u2013 do papieru i faktury. Lubi\u0119 proces od pierwszego szkicu przez budowanie identyfikacji wizualnej, a\u017c po dopracowanie plik\u00f3w do druku. Techniczny wymiar przygotowania projektu do produkcji to cz\u0119\u015b\u0107 tw\u00f3rczo\u015bci. Lubi\u0119 my\u015ble\u0107 projektowo. Zaczynam od koncepcji, znaczenia, potem buduj\u0119 struktur\u0119 rytm i proporcje. Prawie&#8230;<\/p>\n","protected":false},"author":1,"featured_media":0,"parent":0,"menu_order":0,"comment_status":"closed","ping_status":"closed","template":"","meta":{"_kadence_starter_templates_imported_post":false,"_kad_post_transparent":"","_kad_post_title":"","_kad_post_layout":"","_kad_post_sidebar_id":"","_kad_post_content_style":"","_kad_post_vertical_padding":"","_kad_post_feature":"","_kad_post_feature_position":"","_kad_post_header":false,"_kad_post_footer":false,"_kad_post_classname":"","footnotes":""},"class_list":["post-349","page","type-page","status-publish","hentry"],"_links":{"self":[{"href":"https:\/\/mbgrafikuje.pl\/index.php\/wp-json\/wp\/v2\/pages\/349","targetHints":{"allow":["GET"]}}],"collection":[{"href":"https:\/\/mbgrafikuje.pl\/index.php\/wp-json\/wp\/v2\/pages"}],"about":[{"href":"https:\/\/mbgrafikuje.pl\/index.php\/wp-json\/wp\/v2\/types\/page"}],"author":[{"embeddable":true,"href":"https:\/\/mbgrafikuje.pl\/index.php\/wp-json\/wp\/v2\/users\/1"}],"replies":[{"embeddable":true,"href":"https:\/\/mbgrafikuje.pl\/index.php\/wp-json\/wp\/v2\/comments?post=349"}],"version-history":[{"count":16,"href":"https:\/\/mbgrafikuje.pl\/index.php\/wp-json\/wp\/v2\/pages\/349\/revisions"}],"predecessor-version":[{"id":472,"href":"https:\/\/mbgrafikuje.pl\/index.php\/wp-json\/wp\/v2\/pages\/349\/revisions\/472"}],"wp:attachment":[{"href":"https:\/\/mbgrafikuje.pl\/index.php\/wp-json\/wp\/v2\/media?parent=349"}],"curies":[{"name":"wp","href":"https:\/\/api.w.org\/{rel}","templated":true}]}}